{"id":57,"date":"2024-01-09T06:16:21","date_gmt":"2024-01-09T06:16:21","guid":{"rendered":"https:\/\/freieschulehohenau.at\/WP\/?page_id=57"},"modified":"2024-07-17T07:42:41","modified_gmt":"2024-07-17T06:42:41","slug":"5-sprachen-der-liebe","status":"publish","type":"page","link":"https:\/\/www.freieschulehohenau.at\/?page_id=57","title":{"rendered":"5 Sprachen der Liebe"},"content":{"rendered":"\r\n<p>&nbsp;<\/p>\r\n<p>Die f\u00fcnf Sprachen der Liebe, ein Konzept von Gary Chapman, \u00f6ffnen ein Fenster in die Vielfalt der menschlichen Zuneigung. Jeder Mensch tr\u00e4gt eine einzigartige &#8222;Muttersprache der Liebe&#8220; in sich, die bestimmt, wie er Liebe gibt und empf\u00e4ngt.<\/p>\r\n<p>Unsere Liebe zu unseren Kindern ist bedingungslos, doch erreicht sie sie immer so, wie wir es intendieren? Denn was bedeutet Liebe f\u00fcr ein Kind \u00fcberhaupt? Chapman&#8217;s Idee hilft zu verstehen, dass nicht jeder Mensch Liebe auf die gleiche Weise versteht und empfindet. Es gibt f\u00fcnf wesentliche Wege, wie Liebe ausgedr\u00fcckt und empfangen wird.<\/p>\r\n<ol>\r\n<li><strong>Anerkennung<\/strong>: Einige Menschen bl\u00fchen auf durch ermutigende Worte, ehrliches Lob und aufrichtige Komplimente. F\u00fcr sie ist Sprache der Schl\u00fcssel, der ihre Herzen \u00f6ffnet.<\/li>\r\n<li><strong>Gemeinsame Zeit<\/strong>: Andere empfinden Liebe am intensivsten in Momenten gemeinsamer Aufmerksamkeit und tiefgehender Gespr\u00e4che, wo sie sich verstanden und angenommen f\u00fchlen.<\/li>\r\n<li><strong>Geschenke<\/strong>: F\u00fcr manche ist Liebe greifbar in kleinen Gesten und pers\u00f6nlich ausgew\u00e4hlten Geschenken, die ihre Zuneigung und Wertsch\u00e4tzung zeigen.<\/li>\r\n<li><strong>Praktische Hilfe<\/strong>: Einige f\u00fchlen sich geliebt, wenn andere ihre Lasten teilen und ihnen in praktischen Angelegenheiten helfen, ohne gefragt zu werden.<\/li>\r\n<li><strong>K\u00f6rperlicher Kontakt<\/strong>: F\u00fcr viele ist Liebe sp\u00fcrbar in der N\u00e4he und im physischen Austausch, sei es durch eine Umarmung, ein Schulterklopfen oder einen einfachen H\u00e4ndedruck.<\/li>\r\n<\/ol>\r\n<p>Indem P\u00e4dagogen die verschiedenen Sprachen der Liebe ihrer Sch\u00fcler erkennen und verstehen, k\u00f6nnen sie eine unterst\u00fctzende und liebevolle Umgebung schaffen, in der sich jeder Sch\u00fcler angenommen und geliebt f\u00fchlt. Diese Sensibilit\u00e4t f\u00f6rdert nicht nur das emotionale Wohlbefinden der Sch\u00fcler, sondern st\u00e4rkt auch die Beziehung zwischen P\u00e4dagogen und Sch\u00fclern, was wiederum ein f\u00f6rderliches Lernumfeld schafft.<\/p>\r\n\r\n\r\n\r\n\r\n\r\n<p>&nbsp;<\/p>\r\n","protected":false},"excerpt":{"rendered":"<p>&nbsp; Die f\u00fcnf Sprachen der Liebe, ein Konzept von Gary Chapman, \u00f6ffnen ein Fenster in die Vielfalt der menschlichen Zuneigung. Jeder Mensch tr\u00e4gt eine einzigartige &#8222;Muttersprache der Liebe&#8220; in sich, die bestimmt, wie er Liebe gibt und empf\u00e4ngt. Unsere Liebe zu unseren Kindern ist bedingungslos, doch erreicht sie sie immer so, wie wir es intendieren? [&hellip;]<\/p>\n","protected":false},"author":1,"featured_media":0,"parent":51,"menu_order":0,"comment_status":"closed","ping_status":"closed","template":"","meta":{"saved_in_kubio":false,"footnotes":""},"class_list":["post-57","page","type-page","status-publish","hentry"],"kubio_ai_page_context":{"short_desc":"","purpose":"general"},"_links":{"self":[{"href":"https:\/\/www.freieschulehohenau.at\/index.php?rest_route=\/wp\/v2\/pages\/57","targetHints":{"allow":["GET"]}}],"collection":[{"href":"https:\/\/www.freieschulehohenau.at\/index.php?rest_route=\/wp\/v2\/pages"}],"about":[{"href":"https:\/\/www.freieschulehohenau.at\/index.php?rest_route=\/wp\/v2\/types\/page"}],"author":[{"embeddable":true,"href":"https:\/\/www.freieschulehohenau.at\/index.php?rest_route=\/wp\/v2\/users\/1"}],"replies":[{"embeddable":true,"href":"https:\/\/www.freieschulehohenau.at\/index.php?rest_route=%2Fwp%2Fv2%2Fcomments&post=57"}],"version-history":[{"count":5,"href":"https:\/\/www.freieschulehohenau.at\/index.php?rest_route=\/wp\/v2\/pages\/57\/revisions"}],"predecessor-version":[{"id":259,"href":"https:\/\/www.freieschulehohenau.at\/index.php?rest_route=\/wp\/v2\/pages\/57\/revisions\/259"}],"up":[{"embeddable":true,"href":"https:\/\/www.freieschulehohenau.at\/index.php?rest_route=\/wp\/v2\/pages\/51"}],"wp:attachment":[{"href":"https:\/\/www.freieschulehohenau.at\/index.php?rest_route=%2Fwp%2Fv2%2Fmedia&parent=57"}],"curies":[{"name":"wp","href":"https:\/\/api.w.org\/{rel}","templated":true}]}}