{"id":53,"date":"2024-01-09T06:15:37","date_gmt":"2024-01-09T06:15:37","guid":{"rendered":"https:\/\/freieschulehohenau.at\/WP\/?page_id=53"},"modified":"2024-07-17T07:45:49","modified_gmt":"2024-07-17T06:45:49","slug":"temperamentenlehre","status":"publish","type":"page","link":"https:\/\/www.freieschulehohenau.at\/?page_id=53","title":{"rendered":"Temperamentenlehre"},"content":{"rendered":"<p><\/p>\r\n<p>&nbsp;<\/p>\r\n<h3 class=\"has-medium-font-size\"><strong>Die unterschiedlichen Temperamente \u2013 Kinder besser verstehen<\/strong><\/h3>\r\n<p>Die Vielfalt der menschlichen Temperamente, wie sie in der Waldorfp\u00e4dagogik betrachtet werden, er\u00f6ffnet einen tiefen Einblick in die Wesensz\u00fcge unserer Kinder. Jedes Kind tr\u00e4gt ein individuelles Gepr\u00e4ge, eine Melodie aus Temperamenten, die seine Entwicklung formen. Ob das leidenschaftliche Feuer des Cholerikers, der unbek\u00fcmmerte Tanz des Sanguinikers, die sanfte Gelassenheit des Phlegmatikers oder die tiefe Empfindsamkeit des Melancholikers &#8211; jedes Temperament offenbart seine eigene Sch\u00f6nheit und Herausforderung.<\/p>\r\n<p>Kinder, die von einem starken <strong>cholerischen<\/strong> Geist erf\u00fcllt sind, zeigen sich als kraftvolle Wesen, die mutig ihren Weg durch das Leben bahnen. Ihr Feuer kann ungest\u00fcm sein, doch in ihrer Seele liegt die Sehnsucht nach ruhiger F\u00fchrung und Verst\u00e4ndnis, um die St\u00fcrme in ihnen zu bes\u00e4nftigen.<\/p>\r\n<p><strong>Sanguinische<\/strong> Kinder strahlen mit ihrer ansteckenden Fr\u00f6hlichkeit und ihrer Offenheit f\u00fcr die Welt. Ihre Neugier ist grenzenlos, doch ben\u00f6tigen sie auch die stille Stunde der Ruhe, um die F\u00fclle des Tages zu verdauen und zu regenerieren.<\/p>\r\n<p>Die <strong>phlegmatische<\/strong> Seele, sanft und geduldig, geht ihren Weg in einem eigenen Rhythmus. Langsamer in der \u00e4u\u00dferen Bewegung, aber reich an innerem Frieden und Verst\u00e4ndnis. F\u00fcr sie ist es entscheidend, dass ihre Umgebung ihre Gem\u00e4chlichkeit ehrt und ihre sanfte Natur sanft zum Tanz des Lebens ermuntert.<\/p>\r\n<p><strong>Melancholische<\/strong> Kinder, empfindsam und tiefgr\u00fcndig, tragen eine Welt von Gedanken und Emotionen in sich. Ihre Sensibilit\u00e4t verlangt nach einem einf\u00fchlsamen Raum, der ihre reiche Innenwelt akzeptiert und unterst\u00fctzt, ohne sie zu \u00fcberfordern.<\/p>\r\n<p>In der Betrachtung dieser Temperamente liegt nicht nur die M\u00f6glichkeit, unsere Kinder besser zu verstehen, sondern auch, ihnen ein Umfeld zu bieten, das ihre individuellen Bed\u00fcrfnisse respektiert und f\u00f6rdert. So k\u00f6nnen wir als Erzieher und Eltern zu Begleitern werden auf einer Reise, die jede Pers\u00f6nlichkeit in ihrer Einzigartigkeit erbl\u00fchen l\u00e4sst.<\/p>\r\n\r\n\r\n","protected":false},"excerpt":{"rendered":"<p>&nbsp; Die unterschiedlichen Temperamente \u2013 Kinder besser verstehen Die Vielfalt der menschlichen Temperamente, wie sie in der Waldorfp\u00e4dagogik betrachtet werden, er\u00f6ffnet einen tiefen Einblick in die Wesensz\u00fcge unserer Kinder. Jedes Kind tr\u00e4gt ein individuelles Gepr\u00e4ge, eine Melodie aus Temperamenten, die seine Entwicklung formen. Ob das leidenschaftliche Feuer des Cholerikers, der unbek\u00fcmmerte Tanz des Sanguinikers, die [&hellip;]<\/p>\n","protected":false},"author":1,"featured_media":0,"parent":51,"menu_order":0,"comment_status":"closed","ping_status":"closed","template":"","meta":{"saved_in_kubio":false,"footnotes":""},"class_list":["post-53","page","type-page","status-publish","hentry"],"kubio_ai_page_context":{"short_desc":"","purpose":"general"},"_links":{"self":[{"href":"https:\/\/www.freieschulehohenau.at\/index.php?rest_route=\/wp\/v2\/pages\/53","targetHints":{"allow":["GET"]}}],"collection":[{"href":"https:\/\/www.freieschulehohenau.at\/index.php?rest_route=\/wp\/v2\/pages"}],"about":[{"href":"https:\/\/www.freieschulehohenau.at\/index.php?rest_route=\/wp\/v2\/types\/page"}],"author":[{"embeddable":true,"href":"https:\/\/www.freieschulehohenau.at\/index.php?rest_route=\/wp\/v2\/users\/1"}],"replies":[{"embeddable":true,"href":"https:\/\/www.freieschulehohenau.at\/index.php?rest_route=%2Fwp%2Fv2%2Fcomments&post=53"}],"version-history":[{"count":6,"href":"https:\/\/www.freieschulehohenau.at\/index.php?rest_route=\/wp\/v2\/pages\/53\/revisions"}],"predecessor-version":[{"id":261,"href":"https:\/\/www.freieschulehohenau.at\/index.php?rest_route=\/wp\/v2\/pages\/53\/revisions\/261"}],"up":[{"embeddable":true,"href":"https:\/\/www.freieschulehohenau.at\/index.php?rest_route=\/wp\/v2\/pages\/51"}],"wp:attachment":[{"href":"https:\/\/www.freieschulehohenau.at\/index.php?rest_route=%2Fwp%2Fv2%2Fmedia&parent=53"}],"curies":[{"name":"wp","href":"https:\/\/api.w.org\/{rel}","templated":true}]}}