{"id":49,"date":"2024-01-09T06:14:04","date_gmt":"2024-01-09T06:14:04","guid":{"rendered":"https:\/\/freieschulehohenau.at\/WP\/?page_id=49"},"modified":"2024-07-16T17:17:27","modified_gmt":"2024-07-16T16:17:27","slug":"materialien","status":"publish","type":"page","link":"https:\/\/www.freieschulehohenau.at\/?page_id=49","title":{"rendered":"Materialien"},"content":{"rendered":"<p>&nbsp;<\/p>\n<p>In unserer Schule legen wir gro\u00dfen Wert auf eine Vielfalt von Lernmaterialien, die den unterschiedlichen Entwicklungsphasen der Kinder gerecht werden. Besonders bei j\u00fcngeren Kindern ist es wichtig, dass sie mit konkretem Material arbeiten k\u00f6nnen. Diese Materialien unterst\u00fctzen das Verst\u00e4ndnis und die selbstst\u00e4ndige Erarbeitung von Inhalten. Indem die Kinder mit greifbaren Objekten arbeiten, k\u00f6nnen sie grundlegende Konzepte besser begreifen und vertiefen.<\/p>\n<p>Wir nutzen dabei nicht nur Montessori-Materialien, sondern auch altbew\u00e4hrte und selbst erstellte Lehrmittel. Diese Auswahl erm\u00f6glicht es uns, flexibel auf die individuellen Bed\u00fcrfnisse und Interessen der Kinder einzugehen. Zu Beginn ihrer Schulzeit arbeiten die Kinder haupts\u00e4chlich mit konkreten, anschaulichen Materialien. Diese helfen ihnen, die Grundlagen in verschiedenen Bereichen wie Mathematik, Sprache und Naturwissenschaften zu verstehen.<\/p>\n<p>Mit zunehmendem Alter und Reifegrad der Kinder erfolgt der schrittweise \u00dcbergang zu abstrakteren Lerninhalten. Ab einem bestimmten Punkt in ihrer Entwicklung sind die Sch\u00fcler in der Lage, ohne konkretes Material zu arbeiten und abstrakte Konzepte zu erfassen. In den letzten Jahren der Schulzeit integrieren wir auch staatliche Lehrb\u00fccher und andere traditionelle Unterrichtsmaterialien, um die Jugendlichen auf den \u00dcbergang ins \u00f6ffentliche Schulsystem vorzubereiten.<\/p>\n<p>Die Wahl der verwendeten Materialien und Methoden h\u00e4ngt vom Alter und Entwicklungsstand der Kinder ab. Unsere Zielsetzung ist es, den Kindern eine solide Grundlage zu bieten und ihnen gleichzeitig die F\u00e4higkeiten zu vermitteln, abstrakte Inhalte zu verstehen und anzuwenden.<\/p>\n","protected":false},"excerpt":{"rendered":"<p>&nbsp; In unserer Schule legen wir gro\u00dfen Wert auf eine Vielfalt von Lernmaterialien, die den unterschiedlichen Entwicklungsphasen der Kinder gerecht werden. Besonders bei j\u00fcngeren Kindern ist es wichtig, dass sie mit konkretem Material arbeiten k\u00f6nnen. Diese Materialien unterst\u00fctzen das Verst\u00e4ndnis und die selbstst\u00e4ndige Erarbeitung von Inhalten. Indem die Kinder mit greifbaren Objekten arbeiten, k\u00f6nnen sie [&hellip;]<\/p>\n","protected":false},"author":1,"featured_media":0,"parent":41,"menu_order":0,"comment_status":"closed","ping_status":"closed","template":"","meta":{"saved_in_kubio":false,"footnotes":""},"class_list":["post-49","page","type-page","status-publish","hentry"],"kubio_ai_page_context":{"short_desc":"","purpose":"general"},"_links":{"self":[{"href":"https:\/\/www.freieschulehohenau.at\/index.php?rest_route=\/wp\/v2\/pages\/49","targetHints":{"allow":["GET"]}}],"collection":[{"href":"https:\/\/www.freieschulehohenau.at\/index.php?rest_route=\/wp\/v2\/pages"}],"about":[{"href":"https:\/\/www.freieschulehohenau.at\/index.php?rest_route=\/wp\/v2\/types\/page"}],"author":[{"embeddable":true,"href":"https:\/\/www.freieschulehohenau.at\/index.php?rest_route=\/wp\/v2\/users\/1"}],"replies":[{"embeddable":true,"href":"https:\/\/www.freieschulehohenau.at\/index.php?rest_route=%2Fwp%2Fv2%2Fcomments&post=49"}],"version-history":[{"count":2,"href":"https:\/\/www.freieschulehohenau.at\/index.php?rest_route=\/wp\/v2\/pages\/49\/revisions"}],"predecessor-version":[{"id":227,"href":"https:\/\/www.freieschulehohenau.at\/index.php?rest_route=\/wp\/v2\/pages\/49\/revisions\/227"}],"up":[{"embeddable":true,"href":"https:\/\/www.freieschulehohenau.at\/index.php?rest_route=\/wp\/v2\/pages\/41"}],"wp:attachment":[{"href":"https:\/\/www.freieschulehohenau.at\/index.php?rest_route=%2Fwp%2Fv2%2Fmedia&parent=49"}],"curies":[{"name":"wp","href":"https:\/\/api.w.org\/{rel}","templated":true}]}}