{"id":47,"date":"2024-01-09T06:13:40","date_gmt":"2024-01-09T06:13:40","guid":{"rendered":"https:\/\/freieschulehohenau.at\/WP\/?page_id=47"},"modified":"2024-07-17T07:41:01","modified_gmt":"2024-07-17T06:41:01","slug":"grundlagen","status":"publish","type":"page","link":"https:\/\/www.freieschulehohenau.at\/?page_id=47","title":{"rendered":"Grundlagen"},"content":{"rendered":"<p>&nbsp;<\/p>\n<p>Kinder lernen am effektivsten in einer unterst\u00fctzenden Umgebung, die ihre nat\u00fcrlichen Bed\u00fcrfnisse nach Kommunikation und Bewegung respektiert und ein angstfreies Lernen erm\u00f6glicht. Stressfaktoren wie Notendruck und Pr\u00fcfungsstress sind kontraproduktiv f\u00fcr ihre ganzheitliche Entwicklung.<\/p>\n<h3><strong>Reformp\u00e4dagogische Ans\u00e4tze<\/strong><\/h3>\n<p>In der p\u00e4dagogischen Arbeit werden verschiedene reformp\u00e4dagogische Str\u00f6mungen integriert, die einen ganzheitlichen Ansatz verfolgen. Sie ber\u00fccksichtigen k\u00f6rperliche, soziale, emotionale und kognitive Aspekte entsprechend den individuellen Bed\u00fcrfnissen und dem Alter jedes Kindes. Dies f\u00f6rdert eine entwicklungsgerechte Entfaltung der F\u00e4higkeiten.<\/p>\n<h3><strong>Die Bedeutung der Kindheit<\/strong><\/h3>\n<p>Die Kindheit ist eine pr\u00e4gende Phase, die nicht nur k\u00f6rperliches Wachstum und sprachliche Entwicklung umfasst, sondern auch emotionale Bindungen und das Verst\u00e4ndnis der Welt formt. Im ersten Jahrsiebt entwickeln Kinder ihr Urvertrauen und erforschen ihre Umgebung intensiv durch alle Sinne. Diese Zeit ist gepr\u00e4gt von innerer und \u00e4u\u00dferer Entfaltung sowie der St\u00e4rkung emotionaler Resilienz.<\/p>\n<h3><strong>Der \u00dcbergang ins zweite Jahrsiebt<\/strong><\/h3>\n<p>Mit dem Eintritt in das zweite Jahrsiebt beginnt die Schulzeit, in der Kinder die Kulturtechniken erkunden und sich in der Gemeinschaft weiterentwickeln. Ein p\u00e4dagogischer Ansatz, der die Sch\u00f6nheit der Welt betont und altersgerechte Lerninhalte bietet, f\u00f6rdert eine gesunde Entfaltung ihrer F\u00e4higkeiten.<\/p>\n<h3><strong>Die Pubert\u00e4t und das dritte Jahrsiebt<\/strong><\/h3>\n<p>In der Pubert\u00e4t im dritten Jahrsiebt setzen sich Jugendliche intensiver mit ihrer Umwelt auseinander und formen ihre Pers\u00f6nlichkeit sowie Weltanschauung. Eine ganzheitliche Begleitung, sowohl k\u00f6rperlich als auch seelisch, unterst\u00fctzt sie in diesem Prozess des Erwachsenwerdens.<\/p>\n<h3><strong>Schlussbetrachtung<\/strong><\/h3>\n<p>Eine tiefere Kenntnis der nat\u00fcrlichen Entwicklungsbed\u00fcrfnisse jedes Kindes ist entscheidend f\u00fcr seine optimale Entwicklung, wobei die philosophische Dimension der Bildung stets ber\u00fccksichtigt wird.<\/p>\n<p>&nbsp;<\/p>\n","protected":false},"excerpt":{"rendered":"<p>&nbsp; Kinder lernen am effektivsten in einer unterst\u00fctzenden Umgebung, die ihre nat\u00fcrlichen Bed\u00fcrfnisse nach Kommunikation und Bewegung respektiert und ein angstfreies Lernen erm\u00f6glicht. Stressfaktoren wie Notendruck und Pr\u00fcfungsstress sind kontraproduktiv f\u00fcr ihre ganzheitliche Entwicklung. Reformp\u00e4dagogische Ans\u00e4tze In der p\u00e4dagogischen Arbeit werden verschiedene reformp\u00e4dagogische Str\u00f6mungen integriert, die einen ganzheitlichen Ansatz verfolgen. Sie ber\u00fccksichtigen k\u00f6rperliche, soziale, emotionale [&hellip;]<\/p>\n","protected":false},"author":1,"featured_media":0,"parent":41,"menu_order":0,"comment_status":"closed","ping_status":"closed","template":"","meta":{"saved_in_kubio":false,"footnotes":""},"class_list":["post-47","page","type-page","status-publish","hentry"],"kubio_ai_page_context":{"short_desc":"","purpose":"general"},"_links":{"self":[{"href":"https:\/\/www.freieschulehohenau.at\/index.php?rest_route=\/wp\/v2\/pages\/47","targetHints":{"allow":["GET"]}}],"collection":[{"href":"https:\/\/www.freieschulehohenau.at\/index.php?rest_route=\/wp\/v2\/pages"}],"about":[{"href":"https:\/\/www.freieschulehohenau.at\/index.php?rest_route=\/wp\/v2\/types\/page"}],"author":[{"embeddable":true,"href":"https:\/\/www.freieschulehohenau.at\/index.php?rest_route=\/wp\/v2\/users\/1"}],"replies":[{"embeddable":true,"href":"https:\/\/www.freieschulehohenau.at\/index.php?rest_route=%2Fwp%2Fv2%2Fcomments&post=47"}],"version-history":[{"count":6,"href":"https:\/\/www.freieschulehohenau.at\/index.php?rest_route=\/wp\/v2\/pages\/47\/revisions"}],"predecessor-version":[{"id":257,"href":"https:\/\/www.freieschulehohenau.at\/index.php?rest_route=\/wp\/v2\/pages\/47\/revisions\/257"}],"up":[{"embeddable":true,"href":"https:\/\/www.freieschulehohenau.at\/index.php?rest_route=\/wp\/v2\/pages\/41"}],"wp:attachment":[{"href":"https:\/\/www.freieschulehohenau.at\/index.php?rest_route=%2Fwp%2Fv2%2Fmedia&parent=47"}],"curies":[{"name":"wp","href":"https:\/\/api.w.org\/{rel}","templated":true}]}}