{"id":29,"date":"2024-01-09T06:09:18","date_gmt":"2024-01-09T06:09:18","guid":{"rendered":"https:\/\/freieschulehohenau.at\/WP\/?page_id=29"},"modified":"2024-07-17T07:48:39","modified_gmt":"2024-07-17T06:48:39","slug":"kosten","status":"publish","type":"page","link":"https:\/\/www.freieschulehohenau.at\/?page_id=29","title":{"rendered":"Kosten und Finanzierung"},"content":{"rendered":"\r\n<p>&nbsp;<\/p>\r\n<p>Ab September 2024 betragen die monatlichen Schulgeb\u00fchren 400 Euro. Diese Geb\u00fchr beinhaltet s\u00e4mtliche Schulmaterialien sowie eine t\u00e4gliche Jause f\u00fcr die Kinder.<\/p>\r\n<h3 class=\"wp-block-heading\"><strong>Zus\u00e4tzliche Kosten<\/strong><\/h3>\r\n<p>Nicht im Schulbeitrag enthalten sind Ausfl\u00fcge und Projektwochen.<\/p>\r\n<h3><strong>Chancengleichheit in der Bildung<\/strong><\/h3>\r\n<p>Wir streben an, effizient zu wirtschaften, um Bildung f\u00fcr eine breite Bev\u00f6lkerungsschicht zug\u00e4nglich zu machen. Dennoch ist der finanzielle Aufwand f\u00fcr Eltern hoch und stellt eine Ungerechtigkeit dar: Sie tragen eine gr\u00f6\u00dfere finanzielle Last im Vergleich zu Eltern von Kindern an \u00f6ffentlichen Schulen. Die Geh\u00e4lter unserer P\u00e4dagogInnen sind daf\u00fcr niedriger als an staatlichen Schulen.<\/p>\r\n<h3><strong>Herausforderungen f\u00fcr nichtkonfessionelle Privatschulen<\/strong><\/h3>\r\n<p>Anders als konfessionelle Privatschulen, die einen Gro\u00dfteil ihrer Kosten vom Staat zur\u00fcckerstattet bekommen, m\u00fcssen nichtkonfessionelle Privatschulen fast alle Ausgaben selbst decken. Die staatliche F\u00f6rderung ist gering und sinkt kontinuierlich (aktuell 680 \u20ac pro Kind und Jahr), was die Finanzierung zus\u00e4tzlich erschwert.<\/p>\r\n<h3><strong>Paradox der Bildungsf\u00f6rderung<\/strong><\/h3>\r\n<p>Obwohl freie Schulen oft kosteng\u00fcnstiger wirtschaften als \u00f6ffentliche Schulen, sind die Schulgeb\u00fchren f\u00fcr Eltern deutlich h\u00f6her. Gleichzeitig stehen diesen Schulen weniger finanzielle Mittel zur Verf\u00fcgung im Vergleich zu teuren, staatlich finanzierten Regelschulen und konfessionellen Privatschulen. Die F\u00f6rderung reformp\u00e4dagogischer Bildungsans\u00e4tze bleibt vorerst eine Aufgabe der Eltern.<\/p>\r\n\r\n\r\n\r\n\r\n\r\n<p>&nbsp;<\/p>\r\n\r\n\r\n\r\n<p>&nbsp;<\/p>\r\n","protected":false},"excerpt":{"rendered":"<p>&nbsp; Ab September 2024 betragen die monatlichen Schulgeb\u00fchren 400 Euro. Diese Geb\u00fchr beinhaltet s\u00e4mtliche Schulmaterialien sowie eine t\u00e4gliche Jause f\u00fcr die Kinder. Zus\u00e4tzliche Kosten Nicht im Schulbeitrag enthalten sind Ausfl\u00fcge und Projektwochen. Chancengleichheit in der Bildung Wir streben an, effizient zu wirtschaften, um Bildung f\u00fcr eine breite Bev\u00f6lkerungsschicht zug\u00e4nglich zu machen. Dennoch ist der finanzielle [&hellip;]<\/p>\n","protected":false},"author":1,"featured_media":0,"parent":27,"menu_order":0,"comment_status":"closed","ping_status":"closed","template":"","meta":{"saved_in_kubio":false,"footnotes":""},"class_list":["post-29","page","type-page","status-publish","hentry"],"kubio_ai_page_context":{"short_desc":"","purpose":"general"},"_links":{"self":[{"href":"https:\/\/www.freieschulehohenau.at\/index.php?rest_route=\/wp\/v2\/pages\/29","targetHints":{"allow":["GET"]}}],"collection":[{"href":"https:\/\/www.freieschulehohenau.at\/index.php?rest_route=\/wp\/v2\/pages"}],"about":[{"href":"https:\/\/www.freieschulehohenau.at\/index.php?rest_route=\/wp\/v2\/types\/page"}],"author":[{"embeddable":true,"href":"https:\/\/www.freieschulehohenau.at\/index.php?rest_route=\/wp\/v2\/users\/1"}],"replies":[{"embeddable":true,"href":"https:\/\/www.freieschulehohenau.at\/index.php?rest_route=%2Fwp%2Fv2%2Fcomments&post=29"}],"version-history":[{"count":4,"href":"https:\/\/www.freieschulehohenau.at\/index.php?rest_route=\/wp\/v2\/pages\/29\/revisions"}],"predecessor-version":[{"id":264,"href":"https:\/\/www.freieschulehohenau.at\/index.php?rest_route=\/wp\/v2\/pages\/29\/revisions\/264"}],"up":[{"embeddable":true,"href":"https:\/\/www.freieschulehohenau.at\/index.php?rest_route=\/wp\/v2\/pages\/27"}],"wp:attachment":[{"href":"https:\/\/www.freieschulehohenau.at\/index.php?rest_route=%2Fwp%2Fv2%2Fmedia&parent=29"}],"curies":[{"name":"wp","href":"https:\/\/api.w.org\/{rel}","templated":true}]}}